{"id":265,"date":"2013-09-19T18:21:09","date_gmt":"2013-09-19T16:21:09","guid":{"rendered":"http:\/\/www.pv-huerth.de\/?page_id=265"},"modified":"2024-01-22T12:55:47","modified_gmt":"2024-01-22T10:55:47","slug":"impressum","status":"publish","type":"page","link":"https:\/\/www.pv-huerth.de\/?page_id=265","title":{"rendered":"Impressum"},"content":{"rendered":"<h2>Angaben gem\u00e4\u00df \u00a7 5 TMG:<\/h2>\n<p>Partnerschaftsverein H\u00fcrth e.V.<br \/>\nFriedrich-Ebert-Str.40<br \/>\nD-50354 H\u00fcrth<\/p>\n<h2>Vertreten durch:<\/h2>\n<p>R\u00fcdiger Winkler (1. Vorsitzender)<br \/>\nTobias P\u00fcllen (stellvertretender Vorsitzender)<br \/>\nReinhard Schmitt-Berger (Schatzmeister)<\/p>\n<h2>Kontakt:<\/h2>\n<p>Telefon: +49 2233 53107<br \/>\nE-Mail: info@pv-huerth.de<\/p>\n<h2>Streitschlichtung<\/h2>\n<p>Wir sind nicht bereit oder verpflichtet, an\u00a0Streitbeilegungsverfahren vor einer Verbraucherschlichtungsstelle teilzunehmen.<\/p>\n<h2>Haftung<br \/>\nf\u00fcr Inhalte<\/h2>\n<p>Als Diensteanbieter sind wir gem\u00e4\u00df \u00a7 7 Abs.1 TMG f\u00fcr\u00a0eigene Inhalte auf diesen Seiten nach den allgemeinen Gesetzen verantwortlich. Nach \u00a7\u00a7 8 bis\u00a010 TMG sind wir als Diensteanbieter jedoch nicht verpflichtet, \u00fcbermittelte oder gespeicherte fremde<br \/>\nInformationen zu \u00fcberwachen oder nach Umst\u00e4nden zu forschen, die auf eine rechtswidrige\u00a0T\u00e4tigkeit hinweisen.<\/p>\n<p>Verpflichtungen zur Entfernung oder Sperrung der Nutzung von Informationen nach den allgemeinen Gesetzen bleiben hiervon unber\u00fchrt. Eine diesbez\u00fcgliche\u00a0Haftung ist jedoch erst ab dem Zeitpunkt der Kenntnis einer konkreten Rechtsverletzung m\u00f6glich.<br \/>\nBei Bekanntwerden von entsprechenden Rechtsverletzungen werden wir diese Inhalte umgehend\u00a0entfernen.<\/p>\n<h2>Haftung f\u00fcr Links<\/h2>\n<p>Unser Angebot enth\u00e4lt Links zu externen Websites Dritter, auf deren Inhalte wir keinen Einfluss haben. Deshalb k\u00f6nnen wir f\u00fcr diese\u00a0fremden Inhalte auch keine Gew\u00e4hr \u00fcbernehmen. F\u00fcr die Inhalte der verlinkten Seiten ist\u00a0stets der jeweilige Anbieter oder Betreiber der Seiten verantwortlich. Die verlinkten Seiten wurden zum\u00a0Zeitpunkt der Verlinkung auf m\u00f6gliche Rechtsverst\u00f6\u00dfe \u00fcberpr\u00fcft.<br \/>\nRechtswidrige Inhalte waren zum Zeitpunkt der Verlinkung nicht erkennbar.<\/p>\n<p>Eine permanente\u00a0inhaltliche Kontrolle der verlinkten Seiten ist jedoch ohne konkrete Anhaltspunkte einer Rechtsverletzung\u00a0nicht zumutbar. Bei Bekanntwerden von Rechtsverletzungen werden wir derartige Links umgehend\u00a0entfernen.<\/p>\n<h2>Urheberrecht<\/h2>\n<p>Die durch die Seitenbetreiber erstellten Inhalte und Werke auf\u00a0diesen Seiten unterliegen dem deutschen Urheberrecht. Die Vervielf\u00e4ltigung, Bearbeitung,<br \/>\nVerbreitung und jede Art der Verwertung au\u00dferhalb der Grenzen des Urheberrechtes bed\u00fcrfen\u00a0der schriftlichen Zustimmung des jeweiligen Autors bzw. Erstellers. Downloads und Kopien dieser Seite sind nur f\u00fcr den privaten, nicht kommerziellen Gebrauch gestattet.<\/p>\n<p>Soweit die Inhalte auf dieser Seite nicht vom Betreiber erstellt wurden, werden die Urheberrechte Dritter beachtet. Insbesondere\u00a0werden Inhalte Dritter als solche gekennzeichnet. Sollten Sie trotzdem auf eine Urheberrechtsverletzung\u00a0aufmerksam werden, bitten wir um einen entsprechenden Hinweis. Bei Bekanntwerden von\u00a0Rechtsverletzungen werden wir derartige Inhalte umgehend entfernen.<\/p>\n<p>Quelle: <a href=\"https:\/\/www.e-recht24.de\">e-recht24.de<\/a><\/p>\n","protected":false},"excerpt":{"rendered":"<p>Angaben gem\u00e4\u00df \u00a7 5 TMG: Partnerschaftsverein H\u00fcrth e.V. Friedrich-Ebert-Str.40 D-50354 H\u00fcrth Vertreten durch: R\u00fcdiger Winkler (1. Vorsitzender) Tobias P\u00fcllen (stellvertretender Vorsitzender) Reinhard Schmitt-Berger (Schatzmeister) Kontakt: Telefon: +49 2233 53107 E-Mail: info@pv-huerth.de Streitschlichtung Wir sind nicht bereit oder verpflichtet, an\u00a0Streitbeilegungsverfahren vor einer Verbraucherschlichtungsstelle teilzunehmen. Haftung f\u00fcr Inhalte Als Diensteanbieter sind wir gem\u00e4\u00df \u00a7 7 Abs.1 TMG &hellip; <\/p>\n<p><a class=\"more-link btn\" href=\"https:\/\/www.pv-huerth.de\/?page_id=265\">Weiterlesen<\/a><\/p>\n","protected":false},"author":7,"featured_media":0,"parent":0,"menu_order":7,"comment_status":"open","ping_status":"open","template":"","meta":{"footnotes":""},"class_list":["post-265","page","type-page","status-publish","hentry","nodate","item-wrap"],"aioseo_notices":[],"_links":{"self":[{"href":"https:\/\/www.pv-huerth.de\/index.php?rest_route=\/wp\/v2\/pages\/265","targetHints":{"allow":["GET"]}}],"collection":[{"href":"https:\/\/www.pv-huerth.de\/index.php?rest_route=\/wp\/v2\/pages"}],"about":[{"href":"https:\/\/www.pv-huerth.de\/index.php?rest_route=\/wp\/v2\/types\/page"}],"author":[{"embeddable":true,"href":"https:\/\/www.pv-huerth.de\/index.php?rest_route=\/wp\/v2\/users\/7"}],"replies":[{"embeddable":true,"href":"https:\/\/www.pv-huerth.de\/index.php?rest_route=%2Fwp%2Fv2%2Fcomments&post=265"}],"version-history":[{"count":5,"href":"https:\/\/www.pv-huerth.de\/index.php?rest_route=\/wp\/v2\/pages\/265\/revisions"}],"predecessor-version":[{"id":1181,"href":"https:\/\/www.pv-huerth.de\/index.php?rest_route=\/wp\/v2\/pages\/265\/revisions\/1181"}],"wp:attachment":[{"href":"https:\/\/www.pv-huerth.de\/index.php?rest_route=%2Fwp%2Fv2%2Fmedia&parent=265"}],"curies":[{"name":"wp","href":"https:\/\/api.w.org\/{rel}","templated":true}]}}