{"id":20,"date":"2013-08-30T22:23:57","date_gmt":"2013-08-30T20:23:57","guid":{"rendered":"http:\/\/www.pv-huerth.de\/?page_id=20"},"modified":"2024-01-22T13:03:31","modified_gmt":"2024-01-22T11:03:31","slug":"vorstand","status":"publish","type":"page","link":"https:\/\/www.pv-huerth.de\/?page_id=20","title":{"rendered":"Vorstand"},"content":{"rendered":"<p><strong>Vorsitzender:<\/strong><\/p>\n<p>R\u00fcdiger Winkler<br \/>\nTel.: +49 2233 4729464\u00a0\u00a0 Fax: 03212 1056801 Mobil: +49 162 2339248<br \/>\nEMail: <strong><span style=\"color: #0000ff; background-color: #ffffff;\">info@ruediger-winkler.de<\/span><\/strong><\/p>\n<p><strong>Stellvertretender Vorsitzender:<\/strong><\/p>\n<p>Tobias P\u00fcllen<br \/>\nTel.: +49 15738392868<br \/>\nEMail: tpuellen<span style=\"color: #0000ff;\"><strong><a style=\"color: #0000ff;\" href=\"tpuellen@huerth.de\" target=\"_blank\" rel=\"noopener noreferrer\">@huerth.de<\/a><\/strong><\/span><\/p>\n<p><strong>Schatzmeister:<\/strong><\/p>\n<p>Reinhard Schmitt-Berger<br \/>\nTel.: +49 157 37411555<br \/>\nEMail: <strong><span style=\"color: #0000ff;\"><a href=\"mailto:reinhard.schmitt-berger@netcologne.de\" target=\"_blank\" rel=\"noopener noreferrer\"><span style=\"color: #0000ff;\">reinhard.schmitt-berger@netcologne.de<\/span><\/a><\/span><\/strong><\/p>\n<p><strong>Gesch\u00e4ftsstelle<\/strong><\/p>\n<p>Nicole Rametta<br \/>\nRathaus H\u00fcrth, Raum 302<br \/>\nFriedrich-Ebert-Str. 40, 50354 H\u00fcrth<br \/>\nTel.: +49 2233 &#8211; 53107 \u00a0 Fax: 02233 &#8211; 53118<br \/>\nEMail: <strong><span style=\"color: #0000ff;\"><a href=\"mailto:info@pv-huerth.de\" target=\"_blank\" rel=\"noopener noreferrer\"><span style=\"color: #0000ff;\">NRametta@huerth.de<\/span><\/a><\/span><\/strong><\/p>\n","protected":false},"excerpt":{"rendered":"<p>Vorsitzender: R\u00fcdiger Winkler Tel.: +49 2233 4729464\u00a0\u00a0 Fax: 03212 1056801 Mobil: +49 162 2339248 EMail: info@ruediger-winkler.de Stellvertretender Vorsitzender: Tobias P\u00fcllen Tel.: +49 15738392868 EMail: tpuellen@huerth.de Schatzmeister: Reinhard Schmitt-Berger Tel.: +49 157 37411555 EMail: reinhard.schmitt-berger@netcologne.de Gesch\u00e4ftsstelle Nicole Rametta Rathaus H\u00fcrth, Raum 302 Friedrich-Ebert-Str. 40, 50354 H\u00fcrth Tel.: +49 2233 &#8211; 53107 \u00a0 Fax: 02233 &#8211; 53118 &hellip; <\/p>\n<p><a class=\"more-link btn\" href=\"https:\/\/www.pv-huerth.de\/?page_id=20\">Weiterlesen<\/a><\/p>\n","protected":false},"author":7,"featured_media":0,"parent":2,"menu_order":0,"comment_status":"closed","ping_status":"open","template":"","meta":{"footnotes":""},"class_list":["post-20","page","type-page","status-publish","hentry","nodate","item-wrap"],"aioseo_notices":[],"_links":{"self":[{"href":"https:\/\/www.pv-huerth.de\/index.php?rest_route=\/wp\/v2\/pages\/20","targetHints":{"allow":["GET"]}}],"collection":[{"href":"https:\/\/www.pv-huerth.de\/index.php?rest_route=\/wp\/v2\/pages"}],"about":[{"href":"https:\/\/www.pv-huerth.de\/index.php?rest_route=\/wp\/v2\/types\/page"}],"author":[{"embeddable":true,"href":"https:\/\/www.pv-huerth.de\/index.php?rest_route=\/wp\/v2\/users\/7"}],"replies":[{"embeddable":true,"href":"https:\/\/www.pv-huerth.de\/index.php?rest_route=%2Fwp%2Fv2%2Fcomments&post=20"}],"version-history":[{"count":7,"href":"https:\/\/www.pv-huerth.de\/index.php?rest_route=\/wp\/v2\/pages\/20\/revisions"}],"predecessor-version":[{"id":1183,"href":"https:\/\/www.pv-huerth.de\/index.php?rest_route=\/wp\/v2\/pages\/20\/revisions\/1183"}],"up":[{"embeddable":true,"href":"https:\/\/www.pv-huerth.de\/index.php?rest_route=\/wp\/v2\/pages\/2"}],"wp:attachment":[{"href":"https:\/\/www.pv-huerth.de\/index.php?rest_route=%2Fwp%2Fv2%2Fmedia&parent=20"}],"curies":[{"name":"wp","href":"https:\/\/api.w.org\/{rel}","templated":true}]}}