{"id":1151,"date":"2024-01-10T19:54:23","date_gmt":"2024-01-10T17:54:23","guid":{"rendered":"https:\/\/www.pv-huerth.de\/?page_id=1151"},"modified":"2024-01-10T19:54:23","modified_gmt":"2024-01-10T17:54:23","slug":"peremyschjany","status":"publish","type":"page","link":"https:\/\/www.pv-huerth.de\/?page_id=1151","title":{"rendered":"Peremyschjany"},"content":{"rendered":"\n<div class=\"SP-Text\">\n<div class=\"SP-Paragraph\" data-sp-table=\"\" data-sp-table-bootstrapped=\"sp-6\">\n<p style=\"text-align: center;\"><a href=\"https:\/\/www.pv-huerth.de\/wp-content\/uploads\/2024\/01\/20211102_113845.jpg\"><img loading=\"lazy\" decoding=\"async\" class=\"alignnone size-medium wp-image-1153\" src=\"https:\/\/www.pv-huerth.de\/wp-content\/uploads\/2024\/01\/20211102_113845-280x300.jpg\" alt=\"\" width=\"280\" height=\"300\" srcset=\"https:\/\/www.pv-huerth.de\/wp-content\/uploads\/2024\/01\/20211102_113845-280x300.jpg 280w, https:\/\/www.pv-huerth.de\/wp-content\/uploads\/2024\/01\/20211102_113845-955x1024.jpg 955w, https:\/\/www.pv-huerth.de\/wp-content\/uploads\/2024\/01\/20211102_113845-768x823.jpg 768w, https:\/\/www.pv-huerth.de\/wp-content\/uploads\/2024\/01\/20211102_113845-1433x1536.jpg 1433w, https:\/\/www.pv-huerth.de\/wp-content\/uploads\/2024\/01\/20211102_113845-1910x2048.jpg 1910w, https:\/\/www.pv-huerth.de\/wp-content\/uploads\/2024\/01\/20211102_113845-610x654.jpg 610w\" sizes=\"auto, (max-width: 280px) 100vw, 280px\" \/><\/a>\u00a0\u00a0<\/p>\n<p>Einen ersten Kontakt kn\u00fcpften der H\u00fcrther B\u00fcrgermeister Dirk Breuer und sein Amtskollege Oleksandr Zozulya aus Peremyschljany 2018 in Skawina, als die polnische Stadt ihr zehnj\u00e4hriges Partnerschaftsjubil\u00e4um mit Peremyschljany beging. Zum Stadtfest anl\u00e4sslich des 40. Jubil\u00e4ums der H\u00fcrther Stadtwerdung konnte Breuer seinen Amtskollegen aus der ukrainischen 24.000-Einwohner-Stadt pers\u00f6nlich in H\u00fcrth begr\u00fc\u00dfen. Bei dieser Gelegenheit wurden die Kontakte intensiviert und m\u00f6gliche Aktivit\u00e4ten abgestimmt. Im Mai 2019 folgte eine Delegation aus H\u00fcrth der Einladung Peremyschljanys und unternahm erstmals eine Reise in die Ukraine. Bei diesem Besuch wurde unter anderem \u00fcber den dringenden Bedarf eines L\u00f6schfahrzeugs der Feuerwehr gesprochen. Noch im selben Jahr konnte H\u00fcrth ein ausgemustertes, aber noch voll funktionsf\u00e4higes Fahrzeug der Feuerwehr in Peremyschljany zur Verf\u00fcgung stellen, welches bis zum heutigen Tage im Einsatz ist.<\/p>\n<p style=\"text-align: center;\"><a href=\"https:\/\/www.pv-huerth.de\/wp-content\/uploads\/2024\/01\/Erntedank21-Unterzeichnung.jpg\"><img loading=\"lazy\" decoding=\"async\" class=\"alignnone  wp-image-1154\" src=\"https:\/\/www.pv-huerth.de\/wp-content\/uploads\/2024\/01\/Erntedank21-Unterzeichnung-300x200.jpg\" alt=\"\" width=\"370\" height=\"246\" srcset=\"https:\/\/www.pv-huerth.de\/wp-content\/uploads\/2024\/01\/Erntedank21-Unterzeichnung-300x200.jpg 300w, https:\/\/www.pv-huerth.de\/wp-content\/uploads\/2024\/01\/Erntedank21-Unterzeichnung-1024x682.jpg 1024w, https:\/\/www.pv-huerth.de\/wp-content\/uploads\/2024\/01\/Erntedank21-Unterzeichnung-768x512.jpg 768w, https:\/\/www.pv-huerth.de\/wp-content\/uploads\/2024\/01\/Erntedank21-Unterzeichnung-1536x1024.jpg 1536w, https:\/\/www.pv-huerth.de\/wp-content\/uploads\/2024\/01\/Erntedank21-Unterzeichnung-610x407.jpg 610w, https:\/\/www.pv-huerth.de\/wp-content\/uploads\/2024\/01\/Erntedank21-Unterzeichnung.jpg 1856w\" sizes=\"auto, (max-width: 370px) 100vw, 370px\" \/><\/a><\/p>\n<\/div>\n<\/div>\n<figure id=\"gf6d66f0-37a0-4d28-e901-d4904272b8f7\" class=\"SP-Asset SP-FixedSize rs_preserve SP-Grid__large\">\n<div class=\"SP-FixedSize__raiser\">\n<div class=\" SP-isLazyloaded\" data-noscript=\"\"><picture><source srcset=\"\/peremyschljany_55440.php.media\/55442\/2019-05-28_peremyschljany.jpg.scaled\/def6356af194fc0677e240fab77adbbb.jpg\" media=\"(min-width: 80rem)\" \/><source srcset=\"\/peremyschljany_55440.php.media\/55442\/2019-05-28_peremyschljany.jpg.scaled\/714399a6a0df8567ebad3606aaa930c0.jpg\" media=\"(min-width: 72rem)\" \/><source srcset=\"\/peremyschljany_55440.php.media\/55442\/2019-05-28_peremyschljany.jpg.scaled\/1c1c83019ed876447bbecdb412104941.jpg\" media=\"(min-width: 60rem)\" \/><source srcset=\"\/peremyschljany_55440.php.media\/55442\/2019-05-28_peremyschljany.jpg.scaled\/def6356af194fc0677e240fab77adbbb.jpg\" media=\"(min-width: 40rem)\" \/><source srcset=\"\/peremyschljany_55440.php.media\/55442\/2019-05-28_peremyschljany.jpg.scaled\/c3cc2a6675e30c5d1177bd7448b89888.jpg\" media=\"(min-width: 30rem)\" \/><source srcset=\"\/peremyschljany_55440.php.media\/55442\/2019-05-28_peremyschljany.jpg.scaled\/407481eade5e8fbcc8c1294e69eb1c5c.jpg\" \/><\/picture><\/div>\n<\/div>\n<figcaption class=\"SP-Asset__caption\"><\/figcaption>\n<\/figure>\n<div class=\"SP-Text\">\n<div class=\"SP-Paragraph\" data-sp-table=\"\" data-sp-table-bootstrapped=\"sp-7\">\n<p>Im Rahmen des Erntedankempfangs im Oktober 2021 unterzeichneten die beiden B\u00fcrgermeister Dirk Breuer und Oleksandr Zozulya gemeinsam mit Vertretern beider Partnerschaftsvereine den Freundschaftsvertrag. Nur drei Wochen sp\u00e4ter wurde der Vertrag auch vor dem Stadtrat der westukrainischen Stadt von den B\u00fcrgermeistern beider St\u00e4dte und den Vorsitzenden der Partnerschaftsvereine feierlich unterzeichnet. Auch eine Delegation der polnischen Partnerstadt Skawina war bei diesem Treffen vor Ort, um k\u00fcnftige Projekte des neuen \u201eDreierb\u00fcndnisses\u201c zu besprechen.<\/p>\n<p style=\"text-align: center;\"><a href=\"https:\/\/www.pv-huerth.de\/wp-content\/uploads\/2024\/01\/IMG-20220306-WA0003.jpg\"><img loading=\"lazy\" decoding=\"async\" class=\"alignnone  wp-image-1155\" src=\"https:\/\/www.pv-huerth.de\/wp-content\/uploads\/2024\/01\/IMG-20220306-WA0003-300x225.jpg\" alt=\"\" width=\"368\" height=\"276\" srcset=\"https:\/\/www.pv-huerth.de\/wp-content\/uploads\/2024\/01\/IMG-20220306-WA0003-300x225.jpg 300w, https:\/\/www.pv-huerth.de\/wp-content\/uploads\/2024\/01\/IMG-20220306-WA0003-1024x768.jpg 1024w, https:\/\/www.pv-huerth.de\/wp-content\/uploads\/2024\/01\/IMG-20220306-WA0003-768x576.jpg 768w, https:\/\/www.pv-huerth.de\/wp-content\/uploads\/2024\/01\/IMG-20220306-WA0003-1536x1152.jpg 1536w, https:\/\/www.pv-huerth.de\/wp-content\/uploads\/2024\/01\/IMG-20220306-WA0003-610x458.jpg 610w, https:\/\/www.pv-huerth.de\/wp-content\/uploads\/2024\/01\/IMG-20220306-WA0003.jpg 2048w\" sizes=\"auto, (max-width: 368px) 100vw, 368px\" \/><\/a><\/p>\n<p>Der russische Angriffskrieg auf die Ukraine, der im Februar 2022 begann, f\u00fchrte zu einer breit angelegten Hilfsaktion f\u00fcr die ukrainische Partnerstadt. Schnell und unb\u00fcrokratisch, so dass bereits am 3. M\u00e4rz der erste 40-Tonnen-Lkw beladen und auf die Reise geschickt werden konnte. Seitdem folgten 21 weitere Sattelz\u00fcge mit insgesamt etwa 580 Europaletten Sachspenden im Wert von rund 1 Mio. Euro.\u00a0<\/p>\n<\/div>\n<\/div>\n\n\n","protected":false},"excerpt":{"rendered":"<p>\u00a0\u00a0 Einen ersten Kontakt kn\u00fcpften der H\u00fcrther B\u00fcrgermeister Dirk Breuer und sein Amtskollege Oleksandr Zozulya aus Peremyschljany 2018 in Skawina, als die polnische Stadt ihr zehnj\u00e4hriges Partnerschaftsjubil\u00e4um mit Peremyschljany beging. Zum Stadtfest anl\u00e4sslich des 40. Jubil\u00e4ums der H\u00fcrther Stadtwerdung konnte Breuer seinen Amtskollegen aus der ukrainischen 24.000-Einwohner-Stadt pers\u00f6nlich in H\u00fcrth begr\u00fc\u00dfen. Bei dieser Gelegenheit wurden &hellip; <\/p>\n<p><a class=\"more-link btn\" href=\"https:\/\/www.pv-huerth.de\/?page_id=1151\">Weiterlesen<\/a><\/p>\n","protected":false},"author":6,"featured_media":0,"parent":0,"menu_order":0,"comment_status":"closed","ping_status":"closed","template":"","meta":{"footnotes":""},"class_list":["post-1151","page","type-page","status-publish","hentry","nodate","item-wrap"],"aioseo_notices":[],"_links":{"self":[{"href":"https:\/\/www.pv-huerth.de\/index.php?rest_route=\/wp\/v2\/pages\/1151","targetHints":{"allow":["GET"]}}],"collection":[{"href":"https:\/\/www.pv-huerth.de\/index.php?rest_route=\/wp\/v2\/pages"}],"about":[{"href":"https:\/\/www.pv-huerth.de\/index.php?rest_route=\/wp\/v2\/types\/page"}],"author":[{"embeddable":true,"href":"https:\/\/www.pv-huerth.de\/index.php?rest_route=\/wp\/v2\/users\/6"}],"replies":[{"embeddable":true,"href":"https:\/\/www.pv-huerth.de\/index.php?rest_route=%2Fwp%2Fv2%2Fcomments&post=1151"}],"version-history":[{"count":1,"href":"https:\/\/www.pv-huerth.de\/index.php?rest_route=\/wp\/v2\/pages\/1151\/revisions"}],"predecessor-version":[{"id":1156,"href":"https:\/\/www.pv-huerth.de\/index.php?rest_route=\/wp\/v2\/pages\/1151\/revisions\/1156"}],"wp:attachment":[{"href":"https:\/\/www.pv-huerth.de\/index.php?rest_route=%2Fwp%2Fv2%2Fmedia&parent=1151"}],"curies":[{"name":"wp","href":"https:\/\/api.w.org\/{rel}","templated":true}]}}